{"id":1681,"date":"2022-01-12T00:17:52","date_gmt":"2022-01-12T00:17:52","guid":{"rendered":"http:\/\/omegitimsanat.com\/?post_type=product&#038;p=1681"},"modified":"2026-02-24T09:04:56","modified_gmt":"2026-02-24T09:04:56","slug":"cocuk-kitaplari-yazar-koclugu","status":"publish","type":"product","link":"https:\/\/omegitimsanat.com\/index.php\/product\/cocuk-kitaplari-yazar-koclugu\/","title":{"rendered":"\u00c7OCUK K\u0130TAPLARI YAZAR KO\u00c7LU\u011eU"},"content":{"rendered":"<p>Yepyeni bir programla kar\u015f\u0131n\u0131zday\u0131z.<br \/>\n\u00c7OCUK K\u0130TAPLARI YAZAR KO\u00c7LU\u011eU PROGRAMI<br \/>\nBu program hakk\u0131nda sizleri bilgilendirelim.<br \/>\nKimler kat\u0131labilir?<br \/>\n\ud83c\udf40Alana ilgi duyan herkes kat\u0131labilir.<br \/>\n\ud83d\udcda<br \/>\nProgram ne kadar s\u00fcr\u00fcyor nas\u0131l ilerliyor?<br \/>\n\ud83d\udfea Program s\u00fcresi 5 haftad\u0131r. \u0130lk dersimiz en fazla 4 ki\u015filik grup dersi olarak yap\u0131l\u0131r. Bu derste konu belirlenir.<br \/>\n\ud83d\udfe5 Di\u011fer dersler bire birdir.<br \/>\n\ud83d\udfe6 Program s\u00fcresince hikayenizi geli\u015ftirip yazman\u0131z\u0131 sa\u011fl\u0131yoruz.<br \/>\n\ud83c\udf40Program\u0131n sonunda hik\u00e2yenizi d\u00fczenliyor ve edit\u00f6r \u00e7al\u0131\u015fmas\u0131n\u0131 yap\u0131yoruz.<br \/>\n\ud83c\udf40Bu program\u0131n sonunda haz\u0131r bir dosyan\u0131z oluyor.<br \/>\n\ud83c\udf40Yay\u0131nevleri ile nas\u0131l ileti\u015fim kurulaca\u011f\u0131 anlat\u0131l\u0131yor.<br \/>\nBEN\u0130M DE \u00c7OCUK K\u0130TABIM OLSUN D\u0130YORSANIZ BU PROGRAM TAM S\u0130ZE G\u00d6RE<br \/>\n\ud83c\udf38 At\u00f6lye g\u00fcn ve saatini kar\u015f\u0131l\u0131kl\u0131 belirliyoruz.<br \/>\nMesaj yoluyla bilgi alabilirsiniz.<\/p>\n","protected":false},"excerpt":{"rendered":"<p>Yepyeni bir programla kar\u015f\u0131n\u0131zday\u0131z. \u00c7OCUK K\u0130TAPLARI YAZAR KO\u00c7LU\u011eU PROGRAMI Bu program hakk\u0131nda sizleri bilgilendirelim. Kimler kat\u0131labilir? \ud83c\udf40Alana ilgi duyan herkes kat\u0131labilir. \ud83d\udcda Program ne kadar s\u00fcr\u00fcyor nas\u0131l ilerliyor? \ud83d\udfea Program s\u00fcresi 5 haftad\u0131r. \u0130lk dersimiz en fazla 4 ki\u015filik grup dersi olarak yap\u0131l\u0131r. Bu derste konu belirlenir. \ud83d\udfe5 Di\u011fer dersler bire birdir. \ud83d\udfe6 Program s\u00fcresince [&hellip;]<\/p>\n","protected":false},"featured_media":1682,"comment_status":"open","ping_status":"closed","template":"","meta":[],"product_cat":[70],"product_tag":[],"_links":{"self":[{"href":"https:\/\/omegitimsanat.com\/index.php\/wp-json\/wp\/v2\/product\/1681"}],"collection":[{"href":"https:\/\/omegitimsanat.com\/index.php\/wp-json\/wp\/v2\/product"}],"about":[{"href":"https:\/\/omegitimsanat.com\/index.php\/wp-json\/wp\/v2\/types\/product"}],"replies":[{"embeddable":true,"href":"https:\/\/omegitimsanat.com\/index.php\/wp-json\/wp\/v2\/comments?post=1681"}],"wp:featuredmedia":[{"embeddable":true,"href":"https:\/\/omegitimsanat.com\/index.php\/wp-json\/wp\/v2\/media\/1682"}],"wp:attachment":[{"href":"https:\/\/omegitimsanat.com\/index.php\/wp-json\/wp\/v2\/media?parent=1681"}],"wp:term":[{"taxonomy":"product_cat","embeddable":true,"href":"https:\/\/omegitimsanat.com\/index.php\/wp-json\/wp\/v2\/product_cat?post=1681"},{"taxonomy":"product_tag","embeddable":true,"href":"https:\/\/omegitimsanat.com\/index.php\/wp-json\/wp\/v2\/product_tag?post=1681"}],"curies":[{"name":"wp","href":"https:\/\/api.w.org\/{rel}","templated":true}]}}