{"id":1751,"date":"2022-08-17T07:10:22","date_gmt":"2022-08-17T07:10:22","guid":{"rendered":"http:\/\/omegitimsanat.com\/?post_type=product&#038;p=1751"},"modified":"2023-07-25T11:21:26","modified_gmt":"2023-07-25T11:21:26","slug":"1751","status":"publish","type":"product","link":"https:\/\/omegitimsanat.com\/index.php\/product\/1751\/","title":{"rendered":"Kobi Yamada ile \u00c7ocuk Kitab\u0131 Yazma ve Yarat\u0131c\u0131l\u0131k \u00dczerine&#8230;"},"content":{"rendered":"<p>Hepinizin k\u00fct\u00fcphanesinde Kobi Yamada&#8217;n\u0131n en az bir kitab\u0131 vard\u0131r. Kitaplar\u0131n\u0131 her okudu\u011fumuzda Om E\u011fitim Sanat Ekibi olarak \u00c7ocuklara soyut kavramlar\u0131 nas\u0131l anlat\u0131r\u0131z\u0131n en g\u00fc\u00e7l\u00fc cevaplar\u0131n\u0131 buluyoruz. Hem \u00fcslup hem de g\u00f6rsel estetik a\u00e7\u0131s\u0131ndan bizleri bir \u015f\u00f6lene davet eden kitaplar\u0131n yarat\u0131c\u0131s\u0131 Kobi Yamada 29 Eyl\u00fcl&#8217;de bizlerle.<\/p>\n<p>~~~~<\/p>\n<p>Kimler kat\u0131labilir?<\/p>\n<p>\u00c7ocuk Kitab\u0131 Yazmak \u0130steyenler<\/p>\n<p>\u00c7ocuk Kitab\u0131 Resimleyenler<\/p>\n<p>Yazarl\u0131k yolculu\u011funa yeni bilgiler eklemek isteyenler<\/p>\n<p>~~~<\/p>\n<p>29 Eyl\u00fcl ak\u015fam\u0131 kimseye s\u00f6z vermeyin!<\/p>\n<p>~~~~<\/p>\n<p>Kontenjan s\u0131n\u0131rl\u0131d\u0131r!<\/p>\n<p>Etkinlik \u00fccretlidir!<\/p>\n<p>~~~~<\/p>\n<p>Kobi Yamada kimdir?<\/p>\n<p>Kobi Yamada, New York Times&#8217;\u0131n en \u00e7ok satan yazar\u0131 ve harika \u015feyler tasarlayan harika insanlardan olu\u015fan bir \u015firket olan Compendium&#8217;un CEO&#8217;sudur. Kobi, her g\u00fcn inan\u0131lmaz olas\u0131l\u0131klar\u0131n ortaya \u00e7\u0131kt\u0131\u011f\u0131n\u0131 g\u00f6rd\u00fc\u011f\u00fc u\u00e7an k\u0131rm\u0131z\u0131 somonlar \u00fclkesinde hayat\u0131n\u0131n a\u015fk\u0131 ve iki s\u00fcper e\u011flenceli \u00e7ocu\u011fuyla mutlu bir \u015fekilde ya\u015f\u0131yor. Belki de hayat\u0131n hayal etti\u011finden daha g\u00fczel olup olmad\u0131\u011f\u0131n\u0131 merak ediyor.<\/p>\n","protected":false},"excerpt":{"rendered":"<p>Hepinizin k\u00fct\u00fcphanesinde Kobi Yamada&#8217;n\u0131n en az bir kitab\u0131 vard\u0131r. Kitaplar\u0131n\u0131 her okudu\u011fumuzda Om E\u011fitim Sanat Ekibi olarak \u00c7ocuklara soyut kavramlar\u0131 nas\u0131l anlat\u0131r\u0131z\u0131n en g\u00fc\u00e7l\u00fc cevaplar\u0131n\u0131 buluyoruz. Hem \u00fcslup hem de g\u00f6rsel estetik a\u00e7\u0131s\u0131ndan bizleri bir \u015f\u00f6lene davet eden kitaplar\u0131n yarat\u0131c\u0131s\u0131 Kobi Yamada 29 Eyl\u00fcl&#8217;de bizlerle. ~~~~ Kimler kat\u0131labilir? \u00c7ocuk Kitab\u0131 Yazmak \u0130steyenler \u00c7ocuk Kitab\u0131 Resimleyenler [&hellip;]<\/p>\n","protected":false},"featured_media":1752,"comment_status":"open","ping_status":"closed","template":"","meta":[],"product_cat":[85],"product_tag":[86],"_links":{"self":[{"href":"https:\/\/omegitimsanat.com\/index.php\/wp-json\/wp\/v2\/product\/1751"}],"collection":[{"href":"https:\/\/omegitimsanat.com\/index.php\/wp-json\/wp\/v2\/product"}],"about":[{"href":"https:\/\/omegitimsanat.com\/index.php\/wp-json\/wp\/v2\/types\/product"}],"replies":[{"embeddable":true,"href":"https:\/\/omegitimsanat.com\/index.php\/wp-json\/wp\/v2\/comments?post=1751"}],"wp:featuredmedia":[{"embeddable":true,"href":"https:\/\/omegitimsanat.com\/index.php\/wp-json\/wp\/v2\/media\/1752"}],"wp:attachment":[{"href":"https:\/\/omegitimsanat.com\/index.php\/wp-json\/wp\/v2\/media?parent=1751"}],"wp:term":[{"taxonomy":"product_cat","embeddable":true,"href":"https:\/\/omegitimsanat.com\/index.php\/wp-json\/wp\/v2\/product_cat?post=1751"},{"taxonomy":"product_tag","embeddable":true,"href":"https:\/\/omegitimsanat.com\/index.php\/wp-json\/wp\/v2\/product_tag?post=1751"}],"curies":[{"name":"wp","href":"https:\/\/api.w.org\/{rel}","templated":true}]}}