{"id":2260,"date":"2024-04-19T18:08:15","date_gmt":"2024-04-19T18:08:15","guid":{"rendered":"https:\/\/omegitimsanat.com\/?post_type=product&#038;p=2260"},"modified":"2024-08-30T09:57:47","modified_gmt":"2024-08-30T09:57:47","slug":"nitelikli-cocuk-edebiyati-zirvesi-2","status":"publish","type":"product","link":"https:\/\/omegitimsanat.com\/index.php\/product\/nitelikli-cocuk-edebiyati-zirvesi-2\/","title":{"rendered":"N\u0130TEL\u0130KL\u0130 \u00c7OCUK EDEB\u0130YATI Z\u0130RVES\u0130"},"content":{"rendered":"<p>MUHTE\u015eEM B\u0130R Z\u0130RVEYLE KAR\u015eINIZDAYIZ!!!<br \/>\n~<br \/>\nNitelikli \u00c7ocuk Edebiyat\u0131 Zirvesi, kitapseverlerin yak\u0131ndan tan\u0131d\u0131\u011f\u0131 ba\u015far\u0131l\u0131 akademisyen, yay\u0131nc\u0131, yazar, \u00e7izer, edit\u00f6r bir\u00e7ok konusmac\u0131n\u0131n bizimle olaca\u011f\u0131 harika bir zirve.<br \/>\n~<br \/>\nHer konu\u015fmac\u0131m\u0131z kendi deneyimlerini ve bu alandaki bilgilerini bizlerle payla\u015facak.<br \/>\n~<br \/>\nSizler de \u00c7ocuk Edebiyat\u0131 hakk\u0131nda merak ettiklerinizi \u00f6\u011frenmek, de\u011ferli konu\u015fmac\u0131lar\u0131m\u0131z\u0131 daha yak\u0131ndan tan\u0131mak istiyorsan\u0131z zirvemize mutlaka kat\u0131l\u0131n!<br \/>\n~<br \/>\n23 Nisan tarihine kadar ge\u00e7erli \u00f6n kay\u0131t avantaj\u0131ndan yararlanmak i\u00e7in bize mesaj atabilirsiniz.<br \/>\n~<br \/>\nKONU\u015eMACILARIMIZ VE KONULAR<br \/>\n31 May\u0131s Cuma<br \/>\nProf. Dr. Sedat Sever<br \/>\n&#8220;Ni\u00e7in \u00c7ocuk Edebiyat\u0131?<br \/>\n\u00c7ocuk Edebiyat\u0131nda Karakter Tasar\u0131m\u0131&#8221;<br \/>\nSaat: 20.00 &#8211; 20.50<br \/>\n\u00c7a\u011fr\u0131 Odaba\u015f\u0131<br \/>\n\u201cGelenekselden Dijitale \u00c7ocuk Kitab\u0131 Resimleme S\u00fcreci\u201d<br \/>\nSaat: 21.00 &#8211; 21.50<br \/>\nDr. Melike G\u00fcny\u00fcz<br \/>\n&#8220;Postmodern Resimli Kitaplar\u0131n Okuru Kimdir?&#8221;<br \/>\nSaat: 22.00 &#8211; 22.50<br \/>\n\u270f\ufe0f\u270f\ufe0f\u270f\ufe0f\u270f\ufe0f<br \/>\n1 Haziran Cumartesi<br \/>\nMert Ar\u0131k<br \/>\n&#8220;Bir \u00c7ocuk Kitab\u0131n\u0131n Yolculu\u011fu: Kitaptan \u00c7izgi Filme Benim Z\u00fcrafam U\u00e7abilir \u00d6rne\u011fi&#8221;<br \/>\nSaat: 20.00 &#8211; 20.50<br \/>\nYal\u00e7\u0131n Yaman<br \/>\n\u201c\u00c7ocuk Kitab\u0131n\u0131n Ser\u00fcveni: \u0130lhamdan \u0130lk Bask\u0131ya\u201d<br \/>\nSaat: 21.00 &#8211; 21.50<br \/>\nMurat Moro\u011flu<br \/>\n&#8220;Bir Bavul Kitap At\u00f6lyesi&#8217;nden Yarat\u0131c\u0131 Drama \u00c7al\u0131\u015fmalar\u0131&#8221;<br \/>\nSaat: 22.00 &#8211; 22.50<\/p>\n<p>\u270f\ufe0f\u270f\ufe0f\u270f\ufe0f\u270f\ufe0f<br \/>\nZirvemiz @sema_yayli moderat\u00f6rl\u00fc\u011f\u00fcnde ger\u00e7ekle\u015fecektir.<br \/>\n\ud83c\udf89\ud83c\udf89\ud83c\udf89\ud83c\udf89<br \/>\nKontenjan S\u0131n\u0131rl\u0131d\u0131r. Acele Edin!<br \/>\nE\u011fitim kayd\u0131 be\u015f g\u00fcn boyunca izlenebilecektir.<br \/>\n#\u00e7ocukedebiyat\u0131<br \/>\n#childrenillustration<br \/>\n#childrenbookillustration<br \/>\n#bookstagram<br \/>\n#childrenbookart<br \/>\n#childrenbook<\/p>\n","protected":false},"excerpt":{"rendered":"<p>MUHTE\u015eEM B\u0130R Z\u0130RVEYLE KAR\u015eINIZDAYIZ!!! ~ Nitelikli \u00c7ocuk Edebiyat\u0131 Zirvesi, kitapseverlerin yak\u0131ndan tan\u0131d\u0131\u011f\u0131 ba\u015far\u0131l\u0131 akademisyen, yay\u0131nc\u0131, yazar, \u00e7izer, edit\u00f6r bir\u00e7ok konusmac\u0131n\u0131n bizimle olaca\u011f\u0131 harika bir zirve. ~ Her konu\u015fmac\u0131m\u0131z kendi deneyimlerini ve bu alandaki bilgilerini bizlerle payla\u015facak. ~ Sizler de \u00c7ocuk Edebiyat\u0131 hakk\u0131nda merak ettiklerinizi \u00f6\u011frenmek, de\u011ferli konu\u015fmac\u0131lar\u0131m\u0131z\u0131 daha yak\u0131ndan tan\u0131mak istiyorsan\u0131z zirvemize mutlaka kat\u0131l\u0131n! ~ [&hellip;]<\/p>\n","protected":false},"featured_media":2261,"comment_status":"open","ping_status":"closed","template":"","meta":[],"product_cat":[70],"product_tag":[],"_links":{"self":[{"href":"https:\/\/omegitimsanat.com\/index.php\/wp-json\/wp\/v2\/product\/2260"}],"collection":[{"href":"https:\/\/omegitimsanat.com\/index.php\/wp-json\/wp\/v2\/product"}],"about":[{"href":"https:\/\/omegitimsanat.com\/index.php\/wp-json\/wp\/v2\/types\/product"}],"replies":[{"embeddable":true,"href":"https:\/\/omegitimsanat.com\/index.php\/wp-json\/wp\/v2\/comments?post=2260"}],"wp:featuredmedia":[{"embeddable":true,"href":"https:\/\/omegitimsanat.com\/index.php\/wp-json\/wp\/v2\/media\/2261"}],"wp:attachment":[{"href":"https:\/\/omegitimsanat.com\/index.php\/wp-json\/wp\/v2\/media?parent=2260"}],"wp:term":[{"taxonomy":"product_cat","embeddable":true,"href":"https:\/\/omegitimsanat.com\/index.php\/wp-json\/wp\/v2\/product_cat?post=2260"},{"taxonomy":"product_tag","embeddable":true,"href":"https:\/\/omegitimsanat.com\/index.php\/wp-json\/wp\/v2\/product_tag?post=2260"}],"curies":[{"name":"wp","href":"https:\/\/api.w.org\/{rel}","templated":true}]}}