{"id":2698,"date":"2025-09-24T19:03:07","date_gmt":"2025-09-24T19:03:07","guid":{"rendered":"https:\/\/omegitimsanat.com\/?post_type=product&#038;p=2698"},"modified":"2026-02-24T09:04:27","modified_gmt":"2026-02-24T09:04:27","slug":"temel-okuma-becerileri-egitmen-egitimi","status":"publish","type":"product","link":"https:\/\/omegitimsanat.com\/index.php\/product\/temel-okuma-becerileri-egitmen-egitimi\/","title":{"rendered":"Temel Okuma Becerileri E\u011fitmen E\u011fitimi Sertifikas\u0131z"},"content":{"rendered":"<p>Temel Okuma Becerileri E\u011fitmenli\u011fi<br \/>\n1. Hafta | Okuma Hatalar\u0131n\u0131 Tan\u0131ma ve Anlama<br \/>\n\t\u2022\tOkuma s\u00fcrecinde en s\u0131k kar\u015f\u0131la\u015f\u0131lan hatalar: tekrar etme, duraklama, s\u00f6zc\u00fc\u011f\u00fc hecelerine yanl\u0131\u015f ay\u0131rma, ak\u0131c\u0131 okuyamama<br \/>\n\t\u2022\tBu hatalar\u0131n alt\u0131nda yatan nedenler<br \/>\n\t\u2022\tHatalar\u0131n g\u00f6zlemlenmesi ve s\u0131n\u0131fland\u0131r\u0131lmas\u0131<br \/>\n2. Hafta | Okuma \u00c7\u00f6z\u00fcmleme Stratejileri<br \/>\n\t\u2022\tHeceleme ve seslendirme becerilerini geli\u015ftirme<br \/>\n\t\u2022\t\u00d6\u011frencinin hangi noktada zorland\u0131\u011f\u0131n\u0131 fark etme<br \/>\n3. Hafta | Temel Okuma Becerilerini G\u00fc\u00e7lendirme<br \/>\n\t\u2022\tS\u00f6zc\u00fck tan\u0131ma becerisini geli\u015ftirme yollar\u0131<br \/>\n\t\u2022\tOkuma ile anlama aras\u0131ndaki ili\u015fkiyi kurma<\/p>\n<p>4. Hafta | Uygulama ve Geri Bildirim<br \/>\n\t\u2022\t\u00d6rnek vaka analizleri ve metin \u00fczerinden \u00e7al\u0131\u015fma<br \/>\n\t\u2022\tKat\u0131l\u0131mc\u0131lar\u0131n mini uygulamalar\u0131<br \/>\n\t\u2022\tG\u00f6zlem formlar\u0131 ve de\u011ferlendirme y\u00f6ntemleri<br \/>\nE\u011fitim \u00dccreti: 7.500 TL<br \/>\nErken Kay\u0131t: 6.250 TL<br \/>\nTarih: 24 Ekim, 28 Ekim, 31 Ekim, 6 Kas\u0131m<br \/>\nSaat: 21.30 &#8211; 23.30<br \/>\nUluslararas\u0131 ge\u00e7erli sertifika:  +750 TL<br \/>\nSertifika almak i\u00e7in bizimle ileti\u015fime ge\u00e7in<\/p>\n","protected":false},"excerpt":{"rendered":"<p>Temel Okuma Becerileri E\u011fitmenli\u011fi 1. Hafta | Okuma Hatalar\u0131n\u0131 Tan\u0131ma ve Anlama \u2022 Okuma s\u00fcrecinde en s\u0131k kar\u015f\u0131la\u015f\u0131lan hatalar: tekrar etme, duraklama, s\u00f6zc\u00fc\u011f\u00fc hecelerine yanl\u0131\u015f ay\u0131rma, ak\u0131c\u0131 okuyamama \u2022 Bu hatalar\u0131n alt\u0131nda yatan nedenler \u2022 Hatalar\u0131n g\u00f6zlemlenmesi ve s\u0131n\u0131fland\u0131r\u0131lmas\u0131 2. Hafta | Okuma \u00c7\u00f6z\u00fcmleme Stratejileri \u2022 Heceleme ve seslendirme becerilerini geli\u015ftirme \u2022 \u00d6\u011frencinin hangi noktada [&hellip;]<\/p>\n","protected":false},"featured_media":2699,"comment_status":"open","ping_status":"closed","template":"","meta":[],"product_cat":[70],"product_tag":[],"_links":{"self":[{"href":"https:\/\/omegitimsanat.com\/index.php\/wp-json\/wp\/v2\/product\/2698"}],"collection":[{"href":"https:\/\/omegitimsanat.com\/index.php\/wp-json\/wp\/v2\/product"}],"about":[{"href":"https:\/\/omegitimsanat.com\/index.php\/wp-json\/wp\/v2\/types\/product"}],"replies":[{"embeddable":true,"href":"https:\/\/omegitimsanat.com\/index.php\/wp-json\/wp\/v2\/comments?post=2698"}],"wp:featuredmedia":[{"embeddable":true,"href":"https:\/\/omegitimsanat.com\/index.php\/wp-json\/wp\/v2\/media\/2699"}],"wp:attachment":[{"href":"https:\/\/omegitimsanat.com\/index.php\/wp-json\/wp\/v2\/media?parent=2698"}],"wp:term":[{"taxonomy":"product_cat","embeddable":true,"href":"https:\/\/omegitimsanat.com\/index.php\/wp-json\/wp\/v2\/product_cat?post=2698"},{"taxonomy":"product_tag","embeddable":true,"href":"https:\/\/omegitimsanat.com\/index.php\/wp-json\/wp\/v2\/product_tag?post=2698"}],"curies":[{"name":"wp","href":"https:\/\/api.w.org\/{rel}","templated":true}]}}