{"id":2703,"date":"2025-10-04T09:32:18","date_gmt":"2025-10-04T09:32:18","guid":{"rendered":"https:\/\/omegitimsanat.com\/?post_type=product&#038;p=2703"},"modified":"2025-10-21T11:10:23","modified_gmt":"2025-10-21T11:10:23","slug":"frankfurt-kitap-fuari-turu","status":"publish","type":"product","link":"https:\/\/omegitimsanat.com\/index.php\/product\/frankfurt-kitap-fuari-turu\/","title":{"rendered":"Frankfurt Kitap Fuar\u0131 Turu"},"content":{"rendered":"<p>\u2705 Frankfurt Kitap Fuar\u0131 Turu \u2013 17-19 Ekim 2025<br \/>\n\ud83d\udccd D\u00fcnyan\u0131n en b\u00fcy\u00fck kitap fuar\u0131na bizimle gel!<\/p>\n<p>\ud83c\udfa8 Her ak\u015fam y\u00fcz y\u00fcze at\u00f6lyeler<br \/>\n\ud83c\udfaf Profesyonel fuar kat\u0131l\u0131m\u0131<br \/>\n\ud83c\udf0d Uluslararas\u0131 yay\u0131nc\u0131l\u0131k d\u00fcnyas\u0131yla ba\u011flant\u0131 f\u0131rsat\u0131<\/p>\n<p>\ud83d\udc65 E\u011fitmenler:<br \/>\nSava\u015f \u00d6zdemir \u2013 Tima\u015f Yay\u0131n Y\u00f6netmeni<br \/>\nMert Ar\u0131k \u2013 \u00c7ocuk Kitaplar\u0131 Yazar\u0131<br \/>\nEdibe Ko\u00e7 \u2013 OM&#038;ES Edit\u00f6r\u00fc<br \/>\nSema Yayl\u0131 \u2013 OM&#038;ES Yay\u0131n Y\u00f6netmeni<\/p>\n<p>\ud83d\udcab Kontenjan: 30 ki\u015fi<br \/>\n\ud83d\udec2 Sadece ye\u015fil pasaport veya vizesi olan kat\u0131l\u0131mc\u0131lar i\u00e7in<\/p>\n","protected":false},"excerpt":{"rendered":"<p>\u2705 Frankfurt Kitap Fuar\u0131 Turu \u2013 17-19 Ekim 2025 \ud83d\udccd D\u00fcnyan\u0131n en b\u00fcy\u00fck kitap fuar\u0131na bizimle gel! \ud83c\udfa8 Her ak\u015fam y\u00fcz y\u00fcze at\u00f6lyeler \ud83c\udfaf Profesyonel fuar kat\u0131l\u0131m\u0131 \ud83c\udf0d Uluslararas\u0131 yay\u0131nc\u0131l\u0131k d\u00fcnyas\u0131yla ba\u011flant\u0131 f\u0131rsat\u0131 \ud83d\udc65 E\u011fitmenler: Sava\u015f \u00d6zdemir \u2013 Tima\u015f Yay\u0131n Y\u00f6netmeni Mert Ar\u0131k \u2013 \u00c7ocuk Kitaplar\u0131 Yazar\u0131 Edibe Ko\u00e7 \u2013 OM&#038;ES Edit\u00f6r\u00fc Sema Yayl\u0131 \u2013 [&hellip;]<\/p>\n","protected":false},"featured_media":2705,"comment_status":"open","ping_status":"closed","template":"","meta":[],"product_cat":[70],"product_tag":[],"_links":{"self":[{"href":"https:\/\/omegitimsanat.com\/index.php\/wp-json\/wp\/v2\/product\/2703"}],"collection":[{"href":"https:\/\/omegitimsanat.com\/index.php\/wp-json\/wp\/v2\/product"}],"about":[{"href":"https:\/\/omegitimsanat.com\/index.php\/wp-json\/wp\/v2\/types\/product"}],"replies":[{"embeddable":true,"href":"https:\/\/omegitimsanat.com\/index.php\/wp-json\/wp\/v2\/comments?post=2703"}],"wp:featuredmedia":[{"embeddable":true,"href":"https:\/\/omegitimsanat.com\/index.php\/wp-json\/wp\/v2\/media\/2705"}],"wp:attachment":[{"href":"https:\/\/omegitimsanat.com\/index.php\/wp-json\/wp\/v2\/media?parent=2703"}],"wp:term":[{"taxonomy":"product_cat","embeddable":true,"href":"https:\/\/omegitimsanat.com\/index.php\/wp-json\/wp\/v2\/product_cat?post=2703"},{"taxonomy":"product_tag","embeddable":true,"href":"https:\/\/omegitimsanat.com\/index.php\/wp-json\/wp\/v2\/product_tag?post=2703"}],"curies":[{"name":"wp","href":"https:\/\/api.w.org\/{rel}","templated":true}]}}