{"id":2720,"date":"2025-10-24T06:54:24","date_gmt":"2025-10-24T06:54:24","guid":{"rendered":"https:\/\/omegitimsanat.com\/?post_type=product&#038;p=2720"},"modified":"2026-01-11T20:11:05","modified_gmt":"2026-01-11T20:11:05","slug":"berk-ozturk-ile-cocuk-kitabi-nasil-resimlenir-ileri-seviye-illustrasyon-egitimi","status":"publish","type":"product","link":"https:\/\/omegitimsanat.com\/index.php\/product\/berk-ozturk-ile-cocuk-kitabi-nasil-resimlenir-ileri-seviye-illustrasyon-egitimi\/","title":{"rendered":"Berk \u00d6zt\u00fcrk \u0130le \u00c7ocuk Kitab\u0131 Nas\u0131l Resimlenir ? -\u0130leri Seviye \u0130ll\u00fcstrasyon E\u011fitimi-"},"content":{"rendered":"<p>Berk \u00d6zt\u00fcrk ile \u00c7ocuk Kitab\u0131 Nas\u0131l Resimlenir?<br \/>\n\u0130leri Seviye \u0130ll\u00fcstrasyon At\u00f6lyesi <\/p>\n<p>Hik\u00e2yeden \u00c7izgiye, \u00c7izgiden Hayale: Bir \u00c7ocuk Kitab\u0131n\u0131 Resimlemek<\/p>\n<p>E\u011fitim Detaylar\u0131:<br \/>\nTarih: \ud83d\udcc5 E\u011fitim Tarihleri:<br \/>\n20 Kas\u0131m 2025<br \/>\n27 Kas\u0131m 2025<br \/>\n4 Aral\u0131k 2025<br \/>\n11 Aral\u0131k 2025<br \/>\n18 Aral\u0131k 2025 (\u00d6dev De\u011ferlendirme)<br \/>\nSaat:** 21.00 &#8211; 23.30<br \/>\nPlatform:** Zoom  <\/p>\n<p>E\u011fitim Hedefi:<br \/>\nBu e\u011fitim, bir \u00e7ocuk kitab\u0131 resimleme s\u00fcrecinin t\u00fcm a\u015famalar\u0131n\u0131 \u00f6\u011frenmek isteyen ill\u00fcstrat\u00f6rler, tasar\u0131mc\u0131lar ve sanat\u00e7\u0131lar i\u00e7in haz\u0131rlanm\u0131\u015ft\u0131r. Kat\u0131l\u0131mc\u0131lar, hik\u00e2ye \u00e7\u00f6z\u00fcmlemeden karakter tasar\u0131m\u0131na, \u00e7izim tekniklerinden bask\u0131ya uygun haz\u0131rl\u0131\u011fa kadar geni\u015f bir yelpazede bilgi ve beceriler kazanacakt\u0131r.<br \/>\nE\u011fitim Program\u0131:*<br \/>\n1.\tOturum: Hik\u00e2yeden \u00c7izgiye \u0130lk Ad\u0131mlar<br \/>\n\u00b7\t*Bir Hik\u00e2yeyi \u00c7\u00f6z\u00fcmleme:* Metni analiz ederek g\u00f6rsel anlat\u0131ya d\u00f6n\u00fc\u015ft\u00fcrmek.<br \/>\n\u00b7\t*Karakter Tasar\u0131m\u0131:* Hik\u00e2ye karakterlerini \u00f6zg\u00fcn ve etkileyici \u015fekilde \u00e7izmek.<br \/>\n\u00b7\t*Eskiz Teknikleri:* Temel eskiz y\u00f6ntemleri ve yarat\u0131c\u0131 fikirleri h\u0131zl\u0131ca ka\u011f\u0131da aktarma.<br \/>\n\u00b7\t*Globalde Fark Edilmek:* \u00c7al\u0131\u015fmalar\u0131n\u0131z\u0131 uluslararas\u0131 arenada nas\u0131l sergilersiniz?<br \/>\n\u00b7\t*Yay\u0131nevleri ile \u0130leti\u015fim:* Do\u011fru kanallara ula\u015fma ve etkili ileti\u015fim kurma stratejileri.  <\/p>\n<p>2.\tOturum: Renk, Kompozisyon ve S\u00fcrd\u00fcr\u00fclebilirlik<br \/>\n\u00b7\t*Renk Teorisi:* \u00c7ocuk kitaplar\u0131na uygun renk paletleri se\u00e7imi.<br \/>\n\u00b7\t*Kompozisyon Olu\u015fturma:* Sayfa d\u00fczeni, odak noktas\u0131 ve hik\u00e2ye ak\u0131\u015f\u0131n\u0131 destekleyen \u00e7izimler.<br \/>\n\u00b7\t*S\u00fcrd\u00fcr\u00fclebilir Kariyer:* De\u011fi\u015fen piyasa ko\u015fullar\u0131na nas\u0131l adapte olunur?<br \/>\n\u00b7\t*Yenilenme ve Network:* Tarz\u0131n\u0131z\u0131n doyuma ula\u015ft\u0131\u011f\u0131 noktada kabuk de\u011fi\u015ftirirken \u00e7evrenizi korumak.  <\/p>\n<p>3.\tOturum: \u00c7izgide Derinlik, Hareket ve Teknikler<br \/>\n\u00b7\t*\u00c7izgi Kalitesi:* \u00c7izgilerin karakterini ve duygusunu geli\u015ftirme.<br \/>\n\u00b7\t*Hareket ve Dinamizm:* Karakterlerin hareketlerini ve \u00e7evresel unsurlar\u0131 etkili \u015fekilde aktarma.<br \/>\n\u00b7\t*Doku ve Detay \u00c7al\u0131\u015fmalar\u0131:* \u00c7izimlere derinlik ve ger\u00e7ek\u00e7ilik kazand\u0131rma.<br \/>\n\u00b7\t*Procreate, Photoshop ve Geleneksel Teknikler:* Dijital ve geleneksel ara\u00e7lar\u0131n avantajlar\u0131.<br \/>\n4.\tOturum: Bask\u0131ya Haz\u0131rl\u0131k, Revizyon ve G\u00f6z E\u011fitimi<br \/>\n\u00b7\t*Bask\u0131ya Uygun \u00c7izim Haz\u0131rl\u0131\u011f\u0131:* Matbaa gerekliliklerine uygun dosya haz\u0131rlama.<br \/>\n\u00b7\t*Son R\u00f6tu\u015flar ve Revizyon:* Geri bildirimlere g\u00f6re \u00e7izimlerinizi iyile\u015ftirme.<br \/>\n\u00b7\t*Hayalden Ger\u00e7e\u011fe:* \u00c7izimlerinizle hik\u00e2yeyi tamamlamak ve yazarla ortak bir dil olu\u015fturmak.<br \/>\n\u00b7\t*G\u00f6z E\u011fitimi:* Resmi okuyabilmek ve detaylar\u0131 fark etme becerisi geli\u015ftirmek.  <\/p>\n<p>E\u011fitimin Kazan\u0131mlar\u0131:<br \/>\n\u00b7\tKendi \u00f6zg\u00fcn tarz\u0131n\u0131z\u0131 ke\u015ffetme ve geli\u015ftirme.<br \/>\n\u00b7\tGlobal pazarda fark yaratacak stratejiler.<br \/>\n\u00b7\t\u00c7izimlerinize derinlik, duygu ve karakter kazand\u0131rma yollar\u0131.<br \/>\n\u00b7\tTeknik bilgi ve yarat\u0131c\u0131 bak\u0131\u015f a\u00e7\u0131s\u0131n\u0131 birle\u015ftirebilme.<\/p>\n<p>E\u011fitim kayd\u0131n\u0131 5 g\u00fcn izleyebilirsiniz.<br \/>\n\u0130ki Taksit \u015feklinde \u00f6deyebilirsiniz e\u011fitim ba\u015flamadan \u00f6nce \u00f6demeyi bitirmelisiniz.<\/p>\n","protected":false},"excerpt":{"rendered":"<p>Berk \u00d6zt\u00fcrk ile \u00c7ocuk Kitab\u0131 Nas\u0131l Resimlenir? \u0130leri Seviye \u0130ll\u00fcstrasyon At\u00f6lyesi Hik\u00e2yeden \u00c7izgiye, \u00c7izgiden Hayale: Bir \u00c7ocuk Kitab\u0131n\u0131 Resimlemek E\u011fitim Detaylar\u0131: Tarih: \ud83d\udcc5 E\u011fitim Tarihleri: 20 Kas\u0131m 2025 27 Kas\u0131m 2025 4 Aral\u0131k 2025 11 Aral\u0131k 2025 18 Aral\u0131k 2025 (\u00d6dev De\u011ferlendirme) Saat:** 21.00 &#8211; 23.30 Platform:** Zoom E\u011fitim Hedefi: Bu e\u011fitim, bir \u00e7ocuk kitab\u0131 [&hellip;]<\/p>\n","protected":false},"featured_media":2721,"comment_status":"open","ping_status":"closed","template":"","meta":[],"product_cat":[70,85],"product_tag":[],"_links":{"self":[{"href":"https:\/\/omegitimsanat.com\/index.php\/wp-json\/wp\/v2\/product\/2720"}],"collection":[{"href":"https:\/\/omegitimsanat.com\/index.php\/wp-json\/wp\/v2\/product"}],"about":[{"href":"https:\/\/omegitimsanat.com\/index.php\/wp-json\/wp\/v2\/types\/product"}],"replies":[{"embeddable":true,"href":"https:\/\/omegitimsanat.com\/index.php\/wp-json\/wp\/v2\/comments?post=2720"}],"wp:featuredmedia":[{"embeddable":true,"href":"https:\/\/omegitimsanat.com\/index.php\/wp-json\/wp\/v2\/media\/2721"}],"wp:attachment":[{"href":"https:\/\/omegitimsanat.com\/index.php\/wp-json\/wp\/v2\/media?parent=2720"}],"wp:term":[{"taxonomy":"product_cat","embeddable":true,"href":"https:\/\/omegitimsanat.com\/index.php\/wp-json\/wp\/v2\/product_cat?post=2720"},{"taxonomy":"product_tag","embeddable":true,"href":"https:\/\/omegitimsanat.com\/index.php\/wp-json\/wp\/v2\/product_tag?post=2720"}],"curies":[{"name":"wp","href":"https:\/\/api.w.org\/{rel}","templated":true}]}}