{"id":2741,"date":"2025-11-11T09:51:45","date_gmt":"2025-11-11T09:51:45","guid":{"rendered":"https:\/\/omegitimsanat.com\/?post_type=product&#038;p=2741"},"modified":"2026-01-11T20:12:05","modified_gmt":"2026-01-11T20:12:05","slug":"p4c-ile-dusunme-becerileri-egitmen-egitimi-sertifikali","status":"publish","type":"product","link":"https:\/\/omegitimsanat.com\/index.php\/product\/p4c-ile-dusunme-becerileri-egitmen-egitimi-sertifikali\/","title":{"rendered":"P4C \u0130le D\u00fc\u015f\u00fcnme Becerileri E\u011fitmen E\u011fitimi (Sertifikal\u0131)"},"content":{"rendered":"<p>\ud83c\udfaf P4C ile D\u00fc\u015f\u00fcnme Becerileri E\u011fitmen E\u011fitimi<br \/>\n\ud83d\uddd3 30 Aral\u0131k | 21.00 \u2013 23.00<br \/>\n\ud83d\udcbb Online &#038; S\u0131n\u0131rl\u0131 Kontenjan<\/p>\n<p>Bu iki saatlik e\u011fitimde P4C (Philosophy for Children) yakla\u015f\u0131m\u0131yla \u00e7ocuklar\u0131n d\u00fc\u015f\u00fcnme, sorgulama ve okudu\u011funu anlama becerilerini geli\u015ftirmeye y\u00f6nelik uygulamalar\u0131 \u00f6\u011freneceksiniz.<\/p>\n<p>\ud83e\udde0 E\u011fitim \u0130\u00e7eri\u011fi:<br \/>\n\t\u2022\tD\u00fc\u015f\u00fcnme \u00e7e\u015fitleri nelerdir?<br \/>\n\t\u2022\t\u00c7ocuklar\u0131n d\u00fc\u015f\u00fcnme geli\u015fimine y\u00f6nelik pratik egzersizler<br \/>\n\t\u2022\t\u00c7ocuklar\u0131 d\u00fc\u015f\u00fcnmeye te\u015fvik etmenin yollar\u0131<br \/>\n\t\u2022\t\u00c7ocuklar i\u00e7in d\u00fc\u015f\u00fcnme ve planlama \u015fablonlar\u0131<br \/>\n\t\u2022\tFelsefi sorgulama ve derin d\u00fc\u015f\u00fcnme becerilerini destekleme<br \/>\n\t\u2022\tP4C nedir? \u00c7ocuklarla birlikte nas\u0131l d\u00fc\u015f\u00fcn\u00fcl\u00fcr?<br \/>\n\t\u2022\tHik\u00e2ye kitab\u0131 \u00fczerinden P4C temelli d\u00fc\u015f\u00fcnme at\u00f6lyesi haz\u0131rlama<br \/>\n\t\u2022\tOkudu\u011funu anlama ve ele\u015ftirel d\u00fc\u015f\u00fcnme uygulamalar\u0131<br \/>\n\t\u2022\tD\u00fc\u015f\u00fcnme pratikleri \u00f6rnekleri<br \/>\n\ud83c\udf81 E\u011fitim sonunda \u00e7ocuklarla d\u00fc\u015f\u00fcnme etkinlikleri PDF seti verilecektir.<\/p>\n<p>\ud83d\udc69\u200d\ud83c\udfeb E\u011fitmen: Cansu Yetik<br \/>\n\ud83d\udcdc Sertifika:<br \/>\ne-Devlet onayl\u0131 sertifika iste\u011fe ba\u011fl\u0131d\u0131r.<br \/>\nE\u011fitim \u00fccreti: 750 TL<br \/>\n\ud83d\udc9b Erken kay\u0131t \u00fccreti: 590 TL<br \/>\n\ud83d\udcc4 Sertifikal\u0131 kat\u0131l\u0131m: 750 TL + e-Devlet onayl\u0131 sertifika \u00fccreti<\/p>\n","protected":false},"excerpt":{"rendered":"<p>\ud83c\udfaf P4C ile D\u00fc\u015f\u00fcnme Becerileri E\u011fitmen E\u011fitimi \ud83d\uddd3 30 Aral\u0131k | 21.00 \u2013 23.00 \ud83d\udcbb Online &#038; S\u0131n\u0131rl\u0131 Kontenjan Bu iki saatlik e\u011fitimde P4C (Philosophy for Children) yakla\u015f\u0131m\u0131yla \u00e7ocuklar\u0131n d\u00fc\u015f\u00fcnme, sorgulama ve okudu\u011funu anlama becerilerini geli\u015ftirmeye y\u00f6nelik uygulamalar\u0131 \u00f6\u011freneceksiniz. \ud83e\udde0 E\u011fitim \u0130\u00e7eri\u011fi: \u2022 D\u00fc\u015f\u00fcnme \u00e7e\u015fitleri nelerdir? \u2022 \u00c7ocuklar\u0131n d\u00fc\u015f\u00fcnme geli\u015fimine y\u00f6nelik pratik egzersizler \u2022 \u00c7ocuklar\u0131 [&hellip;]<\/p>\n","protected":false},"featured_media":2742,"comment_status":"open","ping_status":"closed","template":"","meta":[],"product_cat":[85],"product_tag":[],"_links":{"self":[{"href":"https:\/\/omegitimsanat.com\/index.php\/wp-json\/wp\/v2\/product\/2741"}],"collection":[{"href":"https:\/\/omegitimsanat.com\/index.php\/wp-json\/wp\/v2\/product"}],"about":[{"href":"https:\/\/omegitimsanat.com\/index.php\/wp-json\/wp\/v2\/types\/product"}],"replies":[{"embeddable":true,"href":"https:\/\/omegitimsanat.com\/index.php\/wp-json\/wp\/v2\/comments?post=2741"}],"wp:featuredmedia":[{"embeddable":true,"href":"https:\/\/omegitimsanat.com\/index.php\/wp-json\/wp\/v2\/media\/2742"}],"wp:attachment":[{"href":"https:\/\/omegitimsanat.com\/index.php\/wp-json\/wp\/v2\/media?parent=2741"}],"wp:term":[{"taxonomy":"product_cat","embeddable":true,"href":"https:\/\/omegitimsanat.com\/index.php\/wp-json\/wp\/v2\/product_cat?post=2741"},{"taxonomy":"product_tag","embeddable":true,"href":"https:\/\/omegitimsanat.com\/index.php\/wp-json\/wp\/v2\/product_tag?post=2741"}],"curies":[{"name":"wp","href":"https:\/\/api.w.org\/{rel}","templated":true}]}}