{"id":2747,"date":"2025-11-16T12:08:36","date_gmt":"2025-11-16T12:08:36","guid":{"rendered":"https:\/\/omegitimsanat.com\/?post_type=product&#038;p=2747"},"modified":"2026-02-05T05:14:01","modified_gmt":"2026-02-05T05:14:01","slug":"4-nitelikli-cocuk-edebiyati-zirvesi","status":"publish","type":"product","link":"https:\/\/omegitimsanat.com\/index.php\/product\/4-nitelikli-cocuk-edebiyati-zirvesi\/","title":{"rendered":"4. Nitelikli \u00c7ocuk Edebiyat\u0131 Zirvesi"},"content":{"rendered":"<p>\u2b50\ufe0f 4. Nitelikli \u00c7ocuk Edebiyat\u0131 Zirvesi<\/p>\n<p>9\u201310\u201311 Ocak | 20.00\u201323.00 | \u00c7evrim \u0130\u00e7i<\/p>\n<p>\u00c7ocuk edebiyat\u0131n\u0131n en de\u011ferli isimleri \u00fc\u00e7 ak\u015fam boyunca ayn\u0131 ekranda bulu\u015fuyor!<br \/>\nYazarlar, akademisyenler, edit\u00f6rler, \u00e7izerler, \u00f6\u011fretmenler ve \u00e7ocuk kitab\u0131 alan\u0131nda uzmanla\u015fmak isteyen herkes i\u00e7in ilham dolu bir zirve.<\/p>\n<p>Bu y\u0131l 4.\u2019s\u00fcn\u00fc d\u00fczenledi\u011fimiz Zirve; \u00e7ocuk kitaplar\u0131n\u0131n niteli\u011fini tart\u0131\u015fmak, g\u00fcncel sorunlara \u00e7\u00f6z\u00fcm \u00fcretmek ve yeni bak\u0131\u015f a\u00e7\u0131lar\u0131 geli\u015ftirmek isteyen herkes i\u00e7in e\u015fsiz bir bulu\u015fma alan\u0131 sunuyor. \u2728<\/p>\n<p>\ud83c\udf99 Konuklar\u0131m\u0131z<\/p>\n<p>\u2022 Prof. Dr. Sedat Sever<br \/>\n\u2022 Dr. Melike G\u00fcny\u00fcz<br \/>\n\u2022 Tayfur Esen<br \/>\n\u2022 Murat Moro\u011flu<br \/>\n\u2022 Mert Ar\u0131k<br \/>\n\u2022 Asya \u00c7a\u011flar<br \/>\n\u2022 Halenur \u00c7al\u0131\u015fan<br \/>\n\u2022 Dr. Muhammed A\u011f\u0131rak\u00e7a<br \/>\n\u2022 Sema Yayl\u0131<\/p>\n<p>Her konu\u015fmac\u0131 kendi uzmanl\u0131k alan\u0131yla \u00e7ocuk edebiyat\u0131na yeni bir pencere a\u00e7acak.<\/p>\n<p>\u2e3b<\/p>\n<p>\ud83c\udfaf Bu Zirve Kimler \u0130\u00e7in?<br \/>\n\t\u2022\t\u00c7ocuk kitab\u0131 yazarlar\u0131 ve yazar adaylar\u0131<br \/>\n\t\u2022\t\u00c7izerler ve \u00e7ocuk kitab\u0131 ill\u00fcstrat\u00f6rleri<br \/>\n\t\u2022\t\u00d6\u011fretmenler, k\u00fct\u00fcphaneciler ve e\u011fitimciler<br \/>\n\t\u2022\tEdit\u00f6rler ve yay\u0131nc\u0131l\u0131k alan\u0131na ilgi duyanlar<br \/>\n\t\u2022\tAlan\u0131n\u0131 geli\u015ftirmek isteyen t\u00fcm profesyoneller ve \u00f6\u011frenciler<\/p>\n<p>\u2e3b<\/p>\n<p>\ud83c\udfab Kay\u0131t ve Detaylar<\/p>\n<p>\u00dc\u00e7 g\u00fcn boyunca toplam 9 saatlik zengin bir program sizi bekliyor.<br \/>\nKat\u0131l\u0131m kontenjanla s\u0131n\u0131rl\u0131d\u0131r.<\/p>\n<p>\ud83d\udce9 Kay\u0131t i\u00e7in DM<\/p>\n","protected":false},"excerpt":{"rendered":"<p>\u2b50\ufe0f 4. Nitelikli \u00c7ocuk Edebiyat\u0131 Zirvesi 9\u201310\u201311 Ocak | 20.00\u201323.00 | \u00c7evrim \u0130\u00e7i \u00c7ocuk edebiyat\u0131n\u0131n en de\u011ferli isimleri \u00fc\u00e7 ak\u015fam boyunca ayn\u0131 ekranda bulu\u015fuyor! Yazarlar, akademisyenler, edit\u00f6rler, \u00e7izerler, \u00f6\u011fretmenler ve \u00e7ocuk kitab\u0131 alan\u0131nda uzmanla\u015fmak isteyen herkes i\u00e7in ilham dolu bir zirve. Bu y\u0131l 4.\u2019s\u00fcn\u00fc d\u00fczenledi\u011fimiz Zirve; \u00e7ocuk kitaplar\u0131n\u0131n niteli\u011fini tart\u0131\u015fmak, g\u00fcncel sorunlara \u00e7\u00f6z\u00fcm \u00fcretmek ve [&hellip;]<\/p>\n","protected":false},"featured_media":2748,"comment_status":"open","ping_status":"closed","template":"","meta":[],"product_cat":[70],"product_tag":[],"_links":{"self":[{"href":"https:\/\/omegitimsanat.com\/index.php\/wp-json\/wp\/v2\/product\/2747"}],"collection":[{"href":"https:\/\/omegitimsanat.com\/index.php\/wp-json\/wp\/v2\/product"}],"about":[{"href":"https:\/\/omegitimsanat.com\/index.php\/wp-json\/wp\/v2\/types\/product"}],"replies":[{"embeddable":true,"href":"https:\/\/omegitimsanat.com\/index.php\/wp-json\/wp\/v2\/comments?post=2747"}],"wp:featuredmedia":[{"embeddable":true,"href":"https:\/\/omegitimsanat.com\/index.php\/wp-json\/wp\/v2\/media\/2748"}],"wp:attachment":[{"href":"https:\/\/omegitimsanat.com\/index.php\/wp-json\/wp\/v2\/media?parent=2747"}],"wp:term":[{"taxonomy":"product_cat","embeddable":true,"href":"https:\/\/omegitimsanat.com\/index.php\/wp-json\/wp\/v2\/product_cat?post=2747"},{"taxonomy":"product_tag","embeddable":true,"href":"https:\/\/omegitimsanat.com\/index.php\/wp-json\/wp\/v2\/product_tag?post=2747"}],"curies":[{"name":"wp","href":"https:\/\/api.w.org\/{rel}","templated":true}]}}