{"id":2906,"date":"2026-03-29T13:40:16","date_gmt":"2026-03-29T13:40:16","guid":{"rendered":"https:\/\/omegitimsanat.com\/?post_type=product&#038;p=2906"},"modified":"2026-04-13T07:26:05","modified_gmt":"2026-04-13T07:26:05","slug":"kobi-yamada-ile-cocuk-kitabi-yazma-ve-yaraticilik-uzerine","status":"publish","type":"product","link":"https:\/\/omegitimsanat.com\/index.php\/product\/kobi-yamada-ile-cocuk-kitabi-yazma-ve-yaraticilik-uzerine\/","title":{"rendered":"Kobi Yamada ile \u00c7ocuk Kitab\u0131 Yazma ve Yarat\u0131c\u0131l\u0131k \u00dczerine"},"content":{"rendered":"<p>D\u00fcnyan\u0131n en ilham veren \u00e7ocuk kitab\u0131 yazarlar\u0131ndan biriyle bulu\u015fmaya<br \/>\nhaz\u0131r m\u0131s\u0131n\u0131z?<br \/>\n&#8220;Bir Fikirle Ne Yapars\u0131n?&#8221;,<br \/>\n&#8220;Belki&#8221; ve<br \/>\n&#8220;Denemek&#8221; gibi kitaplar\u0131yla milyonlarca \u00e7ocu\u011fa ve yeti\u015fkine ilham veren Kobi Yamada, \u00f6zel bir online e\u011fitim i\u00e7in bizlerle bulu\u015fuyor.<br \/>\n@livethegoodstuff<br \/>\nBu bulu\u015fmada sadece yazmay\u0131 de\u011fil;<br \/>\nq bir fikrin nas\u0131l b\u00fcy\u00fcd\u00fc\u011f\u00fcn\u00fc, ir yarat\u0131c\u0131l\u0131\u011f\u0131n nas\u0131l ortaya \u00e7\u0131kt\u0131\u011f\u0131n\u0131, E bir \u00e7ocuk kitab\u0131n\u0131n kalbe dokunan hik\u00e2yeye nas\u0131l d\u00f6n\u00fc\u015ft\u00fcg\u00fcn\u00fc konu\u015faca\u011f\u0131z.<br \/>\n23 N\u0130SAN 2026 21.00 &#8211; 23.00<br \/>\nOnline<br \/>\nEger \u00e7ocuk kitab\u0131 yazmak istiyorsan\u0131z&#8230;<br \/>\nE\u011fer bir fikriniz varsa ama nereden<br \/>\nba\u015flayaca\u011f\u0131n\u0131z\u0131 bilmiyorsan\u0131z&#8230;<br \/>\nBu bulu\u015fma tam size g\u00f6re.<br \/>\nD\u00fcnyaca \u00fcnl\u00fc bir yazarla ayn\u0131 ilham<br \/>\nyolculu\u011funda bulu\u015fuyoruz.<br \/>\nKat\u0131l\u0131m i\u00e7in DM.<\/p>\n","protected":false},"excerpt":{"rendered":"<p>D\u00fcnyan\u0131n en ilham veren \u00e7ocuk kitab\u0131 yazarlar\u0131ndan biriyle bulu\u015fmaya haz\u0131r m\u0131s\u0131n\u0131z? &#8220;Bir Fikirle Ne Yapars\u0131n?&#8221;, &#8220;Belki&#8221; ve &#8220;Denemek&#8221; gibi kitaplar\u0131yla milyonlarca \u00e7ocu\u011fa ve yeti\u015fkine ilham veren Kobi Yamada, \u00f6zel bir online e\u011fitim i\u00e7in bizlerle bulu\u015fuyor. @livethegoodstuff Bu bulu\u015fmada sadece yazmay\u0131 de\u011fil; q bir fikrin nas\u0131l b\u00fcy\u00fcd\u00fc\u011f\u00fcn\u00fc, ir yarat\u0131c\u0131l\u0131\u011f\u0131n nas\u0131l ortaya \u00e7\u0131kt\u0131\u011f\u0131n\u0131, E bir \u00e7ocuk kitab\u0131n\u0131n [&hellip;]<\/p>\n","protected":false},"featured_media":2936,"comment_status":"open","ping_status":"closed","template":"","meta":[],"product_cat":[70],"product_tag":[],"_links":{"self":[{"href":"https:\/\/omegitimsanat.com\/index.php\/wp-json\/wp\/v2\/product\/2906"}],"collection":[{"href":"https:\/\/omegitimsanat.com\/index.php\/wp-json\/wp\/v2\/product"}],"about":[{"href":"https:\/\/omegitimsanat.com\/index.php\/wp-json\/wp\/v2\/types\/product"}],"replies":[{"embeddable":true,"href":"https:\/\/omegitimsanat.com\/index.php\/wp-json\/wp\/v2\/comments?post=2906"}],"wp:featuredmedia":[{"embeddable":true,"href":"https:\/\/omegitimsanat.com\/index.php\/wp-json\/wp\/v2\/media\/2936"}],"wp:attachment":[{"href":"https:\/\/omegitimsanat.com\/index.php\/wp-json\/wp\/v2\/media?parent=2906"}],"wp:term":[{"taxonomy":"product_cat","embeddable":true,"href":"https:\/\/omegitimsanat.com\/index.php\/wp-json\/wp\/v2\/product_cat?post=2906"},{"taxonomy":"product_tag","embeddable":true,"href":"https:\/\/omegitimsanat.com\/index.php\/wp-json\/wp\/v2\/product_tag?post=2906"}],"curies":[{"name":"wp","href":"https:\/\/api.w.org\/{rel}","templated":true}]}}