{"id":2940,"date":"2026-04-17T19:14:43","date_gmt":"2026-04-17T19:14:43","guid":{"rendered":"https:\/\/omegitimsanat.com\/?post_type=product&#038;p=2940"},"modified":"2026-04-17T19:14:54","modified_gmt":"2026-04-17T19:14:54","slug":"psikoloji-temelli-cocuk-kitabi-yazma-egitimi","status":"publish","type":"product","link":"https:\/\/omegitimsanat.com\/index.php\/product\/psikoloji-temelli-cocuk-kitabi-yazma-egitimi\/","title":{"rendered":"Psikoloji Temelli \u00c7ocuk Kitab\u0131 Yazma E\u011fitimi"},"content":{"rendered":"<p>\ud83e\udde0\ud83d\udcda Psikoloji bilgisiyle beslenen, \u00e7ocuk d\u00fcnyas\u0131n\u0131 merkeze alan hik\u00e2yeler yazmak isteyenler i\u00e7in\u2026<br \/>\n\u00c7ocuklara yazmak; sadece bir hik\u00e2ye kurmak de\u011fil, bir ruh d\u00fcnyas\u0131na e\u015flik etmektir.<br \/>\nBu e\u011fitimde Psikolog Oya Aydo\u011fan ile; bir fikri \u00e7ocuklar\u0131n geli\u015fim d\u00f6nemlerine uygun, duygusal a\u00e7\u0131dan g\u00fcvenli ve iyile\u015ftirici bir hik\u00e2yeye d\u00f6n\u00fc\u015ft\u00fcrmeyi ad\u0131m ad\u0131m \u00e7al\u0131\u015f\u0131yoruz. \ud83c\udf3f<\/p>\n<p>\u2728 E\u011fitim \u0130\u00e7eri\u011fi<br \/>\n\u2022 Geli\u015fim d\u00f6nemlerine uygun karakter ve kurgu olu\u015fturma<br \/>\n\u2022 Duygusal temalar\u0131 do\u011fru ve dengeli i\u015fleme<br \/>\n\u2022 \u0130yile\u015ftirici hik\u00e2ye dili kurma<br \/>\n\u2022 \u00c7ocuk merkezli bak\u0131\u015f a\u00e7\u0131s\u0131 geli\u015ftirme<br \/>\n\u2022 Ger\u00e7ek vaka deneyimleri ve yay\u0131mlanm\u0131\u015f kitap \u00f6rnekleri<br \/>\n\u2022 Uygulamal\u0131 yazma \u00e7al\u0131\u015fmalar\u0131<br \/>\n\u2022 Dosyan\u0131z\u0131 yay\u0131nevine haz\u0131r hale getirme s\u00fcreci<\/p>\n<p>\ud83d\udcc5 25 Mart \u00c7ar\u015famba \u2013 30 Mart Pazartesi<br \/>\n\ud83d\udcbb Online<\/p>\n<p>\ud83d\udcb0 E\u011fitim Bedeli: 4.500 TL<br \/>\n\u23f3 Erken Kay\u0131t: 3.900 TL<\/p>\n","protected":false},"excerpt":{"rendered":"<p>\ud83e\udde0\ud83d\udcda Psikoloji bilgisiyle beslenen, \u00e7ocuk d\u00fcnyas\u0131n\u0131 merkeze alan hik\u00e2yeler yazmak isteyenler i\u00e7in\u2026 \u00c7ocuklara yazmak; sadece bir hik\u00e2ye kurmak de\u011fil, bir ruh d\u00fcnyas\u0131na e\u015flik etmektir. Bu e\u011fitimde Psikolog Oya Aydo\u011fan ile; bir fikri \u00e7ocuklar\u0131n geli\u015fim d\u00f6nemlerine uygun, duygusal a\u00e7\u0131dan g\u00fcvenli ve iyile\u015ftirici bir hik\u00e2yeye d\u00f6n\u00fc\u015ft\u00fcrmeyi ad\u0131m ad\u0131m \u00e7al\u0131\u015f\u0131yoruz. \ud83c\udf3f \u2728 E\u011fitim \u0130\u00e7eri\u011fi \u2022 Geli\u015fim d\u00f6nemlerine uygun [&hellip;]<\/p>\n","protected":false},"featured_media":2941,"comment_status":"open","ping_status":"closed","template":"","meta":[],"product_cat":[70],"product_tag":[],"_links":{"self":[{"href":"https:\/\/omegitimsanat.com\/index.php\/wp-json\/wp\/v2\/product\/2940"}],"collection":[{"href":"https:\/\/omegitimsanat.com\/index.php\/wp-json\/wp\/v2\/product"}],"about":[{"href":"https:\/\/omegitimsanat.com\/index.php\/wp-json\/wp\/v2\/types\/product"}],"replies":[{"embeddable":true,"href":"https:\/\/omegitimsanat.com\/index.php\/wp-json\/wp\/v2\/comments?post=2940"}],"wp:featuredmedia":[{"embeddable":true,"href":"https:\/\/omegitimsanat.com\/index.php\/wp-json\/wp\/v2\/media\/2941"}],"wp:attachment":[{"href":"https:\/\/omegitimsanat.com\/index.php\/wp-json\/wp\/v2\/media?parent=2940"}],"wp:term":[{"taxonomy":"product_cat","embeddable":true,"href":"https:\/\/omegitimsanat.com\/index.php\/wp-json\/wp\/v2\/product_cat?post=2940"},{"taxonomy":"product_tag","embeddable":true,"href":"https:\/\/omegitimsanat.com\/index.php\/wp-json\/wp\/v2\/product_tag?post=2940"}],"curies":[{"name":"wp","href":"https:\/\/api.w.org\/{rel}","templated":true}]}}