{"id":2950,"date":"2026-05-09T15:24:59","date_gmt":"2026-05-09T15:24:59","guid":{"rendered":"https:\/\/omegitimsanat.com\/?post_type=product&#038;p=2950"},"modified":"2026-05-09T15:26:33","modified_gmt":"2026-05-09T15:26:33","slug":"mert-arik-ile-ileri-seviye-cocuk-kitabi-yazma-atolyesi","status":"publish","type":"product","link":"https:\/\/omegitimsanat.com\/index.php\/product\/mert-arik-ile-ileri-seviye-cocuk-kitabi-yazma-atolyesi\/","title":{"rendered":"Mert Ar\u0131k ile \u0130leri Seviye \u00c7ocuk Kitab\u0131 Yazma At\u00f6lyesi"},"content":{"rendered":"<p>\u2728 Mert Ar\u0131k ile \u0130lk Kez: \u0130leri Seviye \u00c7ocuk Kitab\u0131 Yazma At\u00f6lyesi (2 G\u00fcn) \u2728<br \/>\n\u00c7ocuk kitab\u0131 yaz\u0131m\u0131nda temel a\u015famay\u0131 ge\u00e7mi\u015f; art\u0131k metnini derinle\u015ftirmek, anlat\u0131m g\u00fcc\u00fcn\u00fc art\u0131rmak ve yazd\u0131klar\u0131n\u0131 daha nitelikli bir d\u00fczeye ta\u015f\u0131mak isteyenler i\u00e7in haz\u0131rlanm\u0131\u015f yo\u011fun bir \u00e7al\u0131\u015fma.<br \/>\nBu at\u00f6lye, yaln\u0131zca \u201cne anlataca\u011f\u0131n\u0131\u201d de\u011fil, nas\u0131l anlataca\u011f\u0131n\u0131 da d\u00f6n\u00fc\u015ft\u00fcrmeye odaklan\u0131r.<br \/>\n\ud83d\udcda 1. G\u00fcn | Hik\u00e2yenin Temelini G\u00fc\u00e7lendirmek<br \/>\n\u2022 Fikirden hik\u00e2yeye giden s\u00fcreci yap\u0131land\u0131rma<br \/>\n\u2022 Kurgu b\u00fct\u00fcnl\u00fc\u011f\u00fc ve ak\u0131\u015f kurma<br \/>\n\u2022 Karakterin i\u00e7 motivasyonunu olu\u015fturma<br \/>\n\u2022 \u00c7ocuk okurun d\u00fcnyas\u0131na uygun anlat\u0131m dili<br \/>\n\u2022 Metinde anlam katmanlar\u0131 olu\u015fturma<br \/>\n\u270d\ufe0f K\u0131sa yazma \u00e7al\u0131\u015fmalar\u0131 ile fikirlerin somutla\u015ft\u0131r\u0131lmas\u0131<br \/>\n\ud83d\udcda 2. G\u00fcn | Metni Derinle\u015ftirmek ve Geli\u015ftirmek<br \/>\n\u2022 Yeniden yaz\u0131m s\u00fcreci: metni d\u00f6n\u00fc\u015ft\u00fcrme<br \/>\n\u2022 Dilin sade ama etkili kullan\u0131m\u0131<br \/>\n\u2022 Ritim, tempo ve sahne kurma<br \/>\n\u2022 Anlat\u0131mda \u201cg\u00f6sterme\u201d ve \u201cs\u00f6yleme\u201d dengesi<br \/>\n\u2022 Edit\u00f6ryel bak\u0131\u015f a\u00e7\u0131s\u0131yla metni de\u011ferlendirme<br \/>\n\u270d\ufe0f Kat\u0131l\u0131mc\u0131 metinleri \u00fczerinden geri bildirim<br \/>\nEdebiyatta zor konular\u0131n (\u00f6l\u00fcm, kay\u0131p, korku, yaln\u0131zl\u0131k gibi) \u00e7ocuk kitaplar\u0131nda dengeli ve incelikli bi\u00e7imde ele al\u0131nmas\u0131<br \/>\n\u23f3 Tarih: 10 Haziran \u2013 17 Haziran<br \/>\n\ud83d\udd58 Saat: 21.00 \u2013 23.00<br \/>\n\ud83d\udccd Online<br \/>\n\u26a0\ufe0f S\u0131n\u0131rl\u0131 kontenjan<br \/>\nBu at\u00f6lye;<br \/>\nmetnini sadece yazmakla kalmay\u0131p anlat\u0131m g\u00fcc\u00fcn\u00fc geli\u015ftirmek ve daha derinlikli bir dil kurmak isteyenler i\u00e7in.<br \/>\nE\u011fitim \u00fccreti 3250 TL<br \/>\nErken Kay\u0131t F\u0131rsat\u0131 2900 TL<\/p>\n","protected":false},"excerpt":{"rendered":"<p>\u2728 Mert Ar\u0131k ile \u0130lk Kez: \u0130leri Seviye \u00c7ocuk Kitab\u0131 Yazma At\u00f6lyesi (2 G\u00fcn) \u2728 \u00c7ocuk kitab\u0131 yaz\u0131m\u0131nda temel a\u015famay\u0131 ge\u00e7mi\u015f; art\u0131k metnini derinle\u015ftirmek, anlat\u0131m g\u00fcc\u00fcn\u00fc art\u0131rmak ve yazd\u0131klar\u0131n\u0131 daha nitelikli bir d\u00fczeye ta\u015f\u0131mak isteyenler i\u00e7in haz\u0131rlanm\u0131\u015f yo\u011fun bir \u00e7al\u0131\u015fma. Bu at\u00f6lye, yaln\u0131zca \u201cne anlataca\u011f\u0131n\u0131\u201d de\u011fil, nas\u0131l anlataca\u011f\u0131n\u0131 da d\u00f6n\u00fc\u015ft\u00fcrmeye odaklan\u0131r. \ud83d\udcda 1. G\u00fcn | [&hellip;]<\/p>\n","protected":false},"featured_media":2951,"comment_status":"open","ping_status":"closed","template":"","meta":[],"product_cat":[70],"product_tag":[],"_links":{"self":[{"href":"https:\/\/omegitimsanat.com\/index.php\/wp-json\/wp\/v2\/product\/2950"}],"collection":[{"href":"https:\/\/omegitimsanat.com\/index.php\/wp-json\/wp\/v2\/product"}],"about":[{"href":"https:\/\/omegitimsanat.com\/index.php\/wp-json\/wp\/v2\/types\/product"}],"replies":[{"embeddable":true,"href":"https:\/\/omegitimsanat.com\/index.php\/wp-json\/wp\/v2\/comments?post=2950"}],"wp:featuredmedia":[{"embeddable":true,"href":"https:\/\/omegitimsanat.com\/index.php\/wp-json\/wp\/v2\/media\/2951"}],"wp:attachment":[{"href":"https:\/\/omegitimsanat.com\/index.php\/wp-json\/wp\/v2\/media?parent=2950"}],"wp:term":[{"taxonomy":"product_cat","embeddable":true,"href":"https:\/\/omegitimsanat.com\/index.php\/wp-json\/wp\/v2\/product_cat?post=2950"},{"taxonomy":"product_tag","embeddable":true,"href":"https:\/\/omegitimsanat.com\/index.php\/wp-json\/wp\/v2\/product_tag?post=2950"}],"curies":[{"name":"wp","href":"https:\/\/api.w.org\/{rel}","templated":true}]}}